{"id":1846,"date":"2022-11-11T16:22:46","date_gmt":"2022-11-11T16:22:46","guid":{"rendered":"https:\/\/maskerade.com.ec\/?post_type=product&#038;p=1846"},"modified":"2022-11-11T16:22:46","modified_gmt":"2022-11-11T16:22:46","slug":"arbol-navideno","status":"publish","type":"product","link":"https:\/\/maskerade.com.ec\/index.php\/product\/arbol-navideno\/","title":{"rendered":"\u00c1rbol navide\u00f1o"},"content":{"rendered":"<p><img loading=\"lazy\" class=\"alignnone size-medium wp-image-1847\" src=\"http:\/\/maskerade.com.ec\/wp-content\/uploads\/2022\/11\/RD17-ARBOL-NAVIDENO-NINOS-225x300.jpg\" alt=\"\" width=\"225\" height=\"300\" srcset=\"https:\/\/maskerade.com.ec\/wp-content\/uploads\/2022\/11\/RD17-ARBOL-NAVIDENO-NINOS-225x300.jpg 225w, https:\/\/maskerade.com.ec\/wp-content\/uploads\/2022\/11\/RD17-ARBOL-NAVIDENO-NINOS-769x1024.jpg 769w, https:\/\/maskerade.com.ec\/wp-content\/uploads\/2022\/11\/RD17-ARBOL-NAVIDENO-NINOS-768x1023.jpg 768w, https:\/\/maskerade.com.ec\/wp-content\/uploads\/2022\/11\/RD17-ARBOL-NAVIDENO-NINOS-1153x1536.jpg 1153w, https:\/\/maskerade.com.ec\/wp-content\/uploads\/2022\/11\/RD17-ARBOL-NAVIDENO-NINOS-370x493.jpg 370w, https:\/\/maskerade.com.ec\/wp-content\/uploads\/2022\/11\/RD17-ARBOL-NAVIDENO-NINOS-760x1013.jpg 760w, https:\/\/maskerade.com.ec\/wp-content\/uploads\/2022\/11\/RD17-ARBOL-NAVIDENO-NINOS-440x586.jpg 440w, https:\/\/maskerade.com.ec\/wp-content\/uploads\/2022\/11\/RD17-ARBOL-NAVIDENO-NINOS-64x85.jpg 64w, https:\/\/maskerade.com.ec\/wp-content\/uploads\/2022\/11\/RD17-ARBOL-NAVIDENO-NINOS.jpg 1501w\" sizes=\"(max-width: 225px) 100vw, 225px\" \/><\/p>\n","protected":false},"excerpt":{"rendered":"<p>\u00c1RBOL NAVIDE\u00d1O NI\u00d1OS<\/p>\n","protected":false},"featured_media":1847,"template":"","meta":{"_joinchat":[]},"product_cat":[68],"product_tag":[196,67,195],"_links":{"self":[{"href":"https:\/\/maskerade.com.ec\/index.php\/wp-json\/wp\/v2\/product\/1846"}],"collection":[{"href":"https:\/\/maskerade.com.ec\/index.php\/wp-json\/wp\/v2\/product"}],"about":[{"href":"https:\/\/maskerade.com.ec\/index.php\/wp-json\/wp\/v2\/types\/product"}],"wp:featuredmedia":[{"embeddable":true,"href":"https:\/\/maskerade.com.ec\/index.php\/wp-json\/wp\/v2\/media\/1847"}],"wp:attachment":[{"href":"https:\/\/maskerade.com.ec\/index.php\/wp-json\/wp\/v2\/media?parent=1846"}],"wp:term":[{"taxonomy":"product_cat","embeddable":true,"href":"https:\/\/maskerade.com.ec\/index.php\/wp-json\/wp\/v2\/product_cat?post=1846"},{"taxonomy":"product_tag","embeddable":true,"href":"https:\/\/maskerade.com.ec\/index.php\/wp-json\/wp\/v2\/product_tag?post=1846"}],"curies":[{"name":"wp","href":"https:\/\/api.w.org\/{rel}","templated":true}]}}